{"id":243,"date":"2024-04-29T19:13:30","date_gmt":"2024-04-29T23:13:30","guid":{"rendered":"https:\/\/ronatan.com\/xicca\/?page_id=243"},"modified":"2024-07-30T19:08:04","modified_gmt":"2024-07-30T23:08:04","slug":"contacto","status":"publish","type":"page","link":"https:\/\/copacervezasdeamerica.com\/en\/contacto\/","title":{"rendered":"Contact"},"content":{"rendered":"<!--themify_builder_content-->\n<div id=\"themify_builder_content-243\" data-postid=\"243\" class=\"themify_builder_content themify_builder_content-243 themify_builder tf_clear\">\n                    <div  data-css_id=\"auue757\" data-lazy=\"1\" class=\"module_row themify_builder_row fullwidth_row_container tb_auue757 tb_first tf_w\">\n            <span  class=\"builder_row_cover tf_abs\" data-lazy=\"1\"><\/span><span class=\"tb_row_frame_wrap tf_overflow tf_abs\" data-lazy=\"1\"><span class=\"tb_row_frame tb_row_frame_bottom in_front tf_abs tf_hide tf_overflow tf_w\"><\/span><\/span>            <div class=\"row_inner col_align_bottom tb_col_count_2 tf_box tf_rel\">\n                        <div  data-lazy=\"1\" class=\"module_column tb-column col4-2 tb_c7ib757 spa-info first\">\n                    <!-- module text -->\n<div  class=\"module module-text tb_qovk757\" data-lazy=\"1\">\n        <div  class=\"tb_text_wrap\">\n        <h1>Copa Cervezas de Am\u00e9rica<\/h1>\n<h4>XI Edition  2025<\/h4>\n<p>September 10th to 15th 2024, Valdivia, Chile.<\/p>    <\/div>\n<\/div>\n<!-- \/module text -->        <div  data-lazy=\"1\" class=\"module_subrow themify_builder_sub_row tf_w col_align_top tb_col_count_1 tb_uwxh757\">\n                <div  data-lazy=\"1\" class=\"module_column sub_column col-full tb_mb4u757 first\">\n                    <!-- module text -->\n<div  class=\"module module-text tb_hqgi120\" data-lazy=\"1\">\n        <div  class=\"tb_text_wrap\">\n        <h4>Vision<\/h4>\n<p>We want Copa to be a competition that highlights the best and serves as a meeting point where we can all come together in a space of coexistence and interaction, to strengthen ourselves and accelerate and increase the collective and individual benefits of working as a network.<\/p>\n<h4>Our Reason for Being: Why Do We Do This?<\/h4>\n<p>Because the beer market, its relationships, and dynamics bring us pleasure, enthusiasm, creativity, life, and happiness.<\/p>\n<h4>How Do We Do It?<\/h4>\n<p>Organizing events that prioritize the participant's experience: We design every detail of the event with the goal of creating unforgettable moments, from registration to the award ceremony, aiming to inspire and delight all attendees.<\/p>\n<p>Fostering unity, renewal, and enthusiasm through innovation and creativity: We constantly seek new ways to surprise and excite participants by introducing innovative thematic elements, unique experiences, and emerging technologies that enhance interaction.<\/p>\n<h4>What Do We Do?<\/h4>\n<p>Competitions, exhibitions, conferences, and festivals for the craft beer world: We create comprehensive events that include competitions, exhibitions, educational conferences, and tasting festivals.<\/p>\n<p>Spaces for meeting and connection: We facilitate meetings between national and international judges, brewers, and people from the beer world to promote synergies, exchange knowledge, and strengthen the Latin American beer community.<\/p>    <\/div>\n<\/div>\n<!-- \/module text -->        <\/div>\n                    <\/div>\n                <\/div>\n                    <div  data-lazy=\"1\" class=\"module_column tb-column col4-2 tb_js7n757 last\">\n                            <\/div>\n                        <\/div>\n        <\/div>\n                        <div  data-css_id=\"uqd4136\" data-lazy=\"1\" class=\"module_row themify_builder_row newsletter-block fullwidth_row_container tb_uqd4136 tf_w\">\n            <span  class=\"builder_row_cover tf_abs\" data-lazy=\"1\"><\/span>            <div class=\"row_inner col_align_middle tb_col_count_2 tf_box tf_rel\">\n                        <div  data-lazy=\"1\" class=\"module_column tb-column col4-2 tb_np9g136 first\">\n                    <!-- module text -->\n<div  class=\"module module-text tb_7grg136\" data-lazy=\"1\">\n        <div  class=\"tb_text_wrap\">\n        <h2>Questions, Comments?<\/h2>\n<p>Write us an email and let's talk:<\/p>    <\/div>\n<\/div>\n<!-- \/module text -->        <\/div>\n                    <div  data-lazy=\"1\" class=\"module_column tb-column col4-2 tb_l2g1136 last\">\n                            <div  data-lazy=\"1\" class=\"module_subrow themify_builder_sub_row tf_w col_align_top tb_col_count_1 tb_kke2136\">\n                <div  data-lazy=\"1\" class=\"module_column sub_column col-full tb_gfrd136 first\">\n                    <!-- module text -->\n<div  class=\"module module-text tb_nlky136\" data-lazy=\"1\">\n        <div  class=\"tb_text_wrap\">\n        <h3 style=\"text-align: center;\">copa@copacervezasdeamerica.com<\/h3>\n    <\/div>\n<\/div>\n<!-- \/module text -->        <\/div>\n                    <\/div>\n        <!-- module widget -->\n<div  class=\"module module-widget tb_bxcm969   wow\" data-tf-animation=\"slideInUp\" data-lazy=\"1\">\n    <div class=\"widget themify-social-links\"><ul class=\"social-links horizontal\">\n                        <li class=\"social-link-item instagram font-icon icon-large\">\n                            <a href=\"https:\/\/www.instagram.com\/copacervezas\/\" aria-label=\"instagram\" target=\"_blank\" rel=\"noopener\"><em><svg  aria-label=\"Instagram\" class=\"tf_fa tf-fab-instagram\" role=\"img\"><use href=\"#tf-fab-instagram\"><\/use><\/svg><\/em>  <\/a>\n                        <\/li>\n                        <!-- \/themify-link-item -->\n                        <li class=\"social-link-item facebook font-icon icon-large\">\n                            <a href=\"https:\/\/www.facebook.com\/copacervezas.deamerica\/\" aria-label=\"facebook\" target=\"_blank\" rel=\"noopener\"><em><svg  aria-label=\"Facebook\" class=\"tf_fa tf-fab-facebook\" role=\"img\"><use href=\"#tf-fab-facebook\"><\/use><\/svg><\/em>  <\/a>\n                        <\/li>\n                        <!-- \/themify-link-item -->\n                        <li class=\"social-link-item youtube font-icon icon-large\">\n                            <a href=\"https:\/\/www.youtube.com\/channel\/UCZbu5HLy3px71vpf9-82cVQ\" aria-label=\"youtube\" target=\"_blank\" rel=\"noopener\"><em><svg  aria-label=\"YouTube\" class=\"tf_fa tf-fab-youtube\" role=\"img\"><use href=\"#tf-fab-youtube\"><\/use><\/svg><\/em>  <\/a>\n                        <\/li>\n                        <!-- \/themify-link-item -->\n                        <li class=\"social-link-item email font-icon icon-large\">\n                            <a href=\"mailto:copa@copacervezasdeamerica.com\" aria-label=\"email\" target=\"_blank\" rel=\"noopener\"><em><svg  aria-label=\"Email\" class=\"tf_fa tf-ti-email\" role=\"img\"><use href=\"#tf-ti-email\"><\/use><\/svg><\/em>  <\/a>\n                        <\/li>\n                        <!-- \/themify-link-item -->\n                        <li class=\"social-link-item whatsapp font-icon icon-large\">\n                            <a href=\"https:\/\/wa.me\/56976378659\" aria-label=\"whatsapp\" target=\"_blank\" rel=\"noopener\"><em><svg  aria-label=\"Whatsapp\" class=\"tf_fa tf-fab-whatsapp\" role=\"img\"><use href=\"#tf-fab-whatsapp\"><\/use><\/svg><\/em>  <\/a>\n                        <\/li>\n                        <!-- \/themify-link-item --><\/ul><\/div><\/div>\n<!-- \/module widget -->\n        <\/div>\n                        <\/div>\n        <\/div>\n                        <div  data-anchor=\"mailing\" data-lazy=\"1\" class=\"module_row themify_builder_row tb_has_section tb_section-mailing tb_dpxm869 tf_w\">\n                        <div class=\"row_inner col_align_middle gutter-none tb_col_count_2 tf_box tf_rel\">\n                        <div  data-lazy=\"1\" class=\"module_column tb-column col4-2 tb_z11a870 first\">\n                    <!-- module text -->\n<div  class=\"module module-text tb_42zk965\" data-lazy=\"1\">\n        <div  class=\"tb_text_wrap\">\n        <h4>Want to Stay Connected with CCA?<\/h4>\n<p>Sign up for our mailing list to receive all the details about this and our upcoming competitions.\u00a0<\/p>\n<p><strong>If you participate with your beers, you should be on this list!<\/strong><\/p>    <\/div>\n<\/div>\n<!-- \/module text -->        <\/div>\n                    <div  data-lazy=\"1\" class=\"module_column tb-column col4-2 tb_urz9678 last\">\n                    <!-- module plain text -->\n<div  class=\"module module-plain-text tb_mhs5258\" data-lazy=\"1\">\n        <div class=\"tb_text_wrap\">\n    <div id=\"mc_embed_shell\">\n      <link href=\"\/\/cdn-images.mailchimp.com\/embedcode\/classic-061523.css\" rel=\"stylesheet\" type=\"text\/css\">\n  <style type=\"text\/css\">\n        #mc_embed_signup{background:#fff; false;clear:left; font:14px Helvetica,Arial,sans-serif; width: 600px;}\n        \/* Add your own Mailchimp form style overrides in your site stylesheet or in this style block.\n           We recommend moving this block and the preceding CSS link to the HEAD of your HTML file. *\/\n<\/style>\n<div id=\"mc_embed_signup\">\n    <form action=\"https:\/\/copacervezasdeamerica.us13.list-manage.com\/subscribe\/post?u=8e053d82eaaee1a61e0ec2dd0&amp;id=7d9d3828cf&amp;f_id=00b6a6e6f0\" method=\"post\" id=\"mc-embedded-subscribe-form\" name=\"mc-embedded-subscribe-form\" class=\"validate\" target=\"_blank\">\n        <div id=\"mc_embed_signup_scroll\"><h2>Suscribirse a los correos de CCA<\/h2>\n            <div class=\"indicates-required\"><span class=\"asterisk\">*<\/span> indica que es obligatorio<\/div>\n            <div class=\"mc-field-group\"><label for=\"mce-EMAIL\">Email Address <span class=\"asterisk\">*<\/span><\/label><input type=\"email\" name=\"EMAIL\" class=\"required email\" id=\"mce-EMAIL\" required=\"\" value=\"\"><\/div><div class=\"mc-field-group\"><label for=\"mce-FNAME\">Nombre <span class=\"asterisk\">*<\/span><\/label><input type=\"text\" name=\"FNAME\" class=\"required text\" id=\"mce-FNAME\" required=\"\" value=\"\"><\/div><div class=\"mc-field-group\"><label for=\"mce-LNAME\">Apellido <\/label><input type=\"text\" name=\"LNAME\" class=\"text\" id=\"mce-LNAME\" value=\"\"><\/div><div class=\"mc-field-group\"><label for=\"mce-PHONE\">Numero telef\u00f3nico <\/label><input type=\"text\" name=\"PHONE\" class=\"REQ_CSS\" id=\"mce-PHONE\" value=\"\"><\/div><div class=\"mc-field-group input-group\"><strong>Language <\/strong><ul><li><input type=\"radio\" name=\"group[17898]\" id=\"mce-group[17898]-17898-0\" value=\"144115188075855872\"><label for=\"mce-group[17898]-17898-0\">Espa\u00f1ol<\/label><\/li><li><input type=\"radio\" name=\"group[17898]\" id=\"mce-group[17898]-17898-1\" value=\"288230376151711744\"><label for=\"mce-group[17898]-17898-1\">Ingles<\/label><\/li><li><input type=\"radio\" name=\"group[17898]\" id=\"mce-group[17898]-17898-2\" value=\"576460752303423488\"><label for=\"mce-group[17898]-17898-2\">Portugues<\/label><\/li><\/ul><\/div><div class=\"mc-field-group input-group\"><strong>\u00bfCu\u00e1ntas personas Trabajan en tu Cerveceria? <\/strong><ul><li><input type=\"radio\" name=\"group[699794]\" id=\"mce-group[699794]-699794-0\" value=\"512\"><label for=\"mce-group[699794]-699794-0\">1 o 2 personas<\/label><\/li><li><input type=\"radio\" name=\"group[699794]\" id=\"mce-group[699794]-699794-1\" value=\"1024\"><label for=\"mce-group[699794]-699794-1\">3 a 5 personas<\/label><\/li><li><input type=\"radio\" name=\"group[699794]\" id=\"mce-group[699794]-699794-2\" value=\"2048\"><label for=\"mce-group[699794]-699794-2\">6 a 10 personas<\/label><\/li><li><input type=\"radio\" name=\"group[699794]\" id=\"mce-group[699794]-699794-3\" value=\"4096\"><label for=\"mce-group[699794]-699794-3\">11 a 20 personas<\/label><\/li><li><input type=\"radio\" name=\"group[699794]\" id=\"mce-group[699794]-699794-4\" value=\"8192\"><label for=\"mce-group[699794]-699794-4\">Mas de 21 personas<\/label><\/li><li><input type=\"radio\" name=\"group[699794]\" id=\"mce-group[699794]-699794-5\" value=\"131072\"><label for=\"mce-group[699794]-699794-5\">No Aplica<\/label><\/li><\/ul><\/div><div class=\"mc-field-group input-group\"><strong>\u00bfHas participado en alguna competici\u00f3n de cervezas <\/strong><ul><li><input type=\"radio\" name=\"group[699798]\" id=\"mce-group[699798]-699798-0\" value=\"16384\"><label for=\"mce-group[699798]-699798-0\">Si<\/label><\/li><li><input type=\"radio\" name=\"group[699798]\" id=\"mce-group[699798]-699798-1\" value=\"32768\"><label for=\"mce-group[699798]-699798-1\">No<\/label><\/li><li><input type=\"radio\" name=\"group[699798]\" id=\"mce-group[699798]-699798-2\" value=\"65536\"><label for=\"mce-group[699798]-699798-2\">No lo s\u00e9<\/label><\/li><\/ul><\/div>\n        <div id=\"mce-responses\" class=\"clear\">\n            <div class=\"response\" id=\"mce-error-response\" style=\"display: none;\"><\/div>\n            <div class=\"response\" id=\"mce-success-response\" style=\"display: none;\"><\/div>\n        <\/div><div style=\"position: absolute; left: -5000px;\" aria-hidden=\"true\"><input type=\"text\" name=\"b_8e053d82eaaee1a61e0ec2dd0_7d9d3828cf\" tabindex=\"-1\" value=\"\"><\/div><div class=\"clear\"><input type=\"submit\" name=\"subscribe\" id=\"mc-embedded-subscribe\" class=\"button\" value=\"Subscribe\"><\/div>\n    <\/div>\n<\/form>\n<\/div>\n<script type=\"text\/javascript\" src=\"\/\/s3.amazonaws.com\/downloads.mailchimp.com\/js\/mc-validate.js\"><\/script><script type=\"text\/javascript\">(function($) {window.fnames = new Array(); window.ftypes = new Array();fnames[0]='EMAIL';ftypes[0]='email';fnames[1]='FNAME';ftypes[1]='text';fnames[2]='LNAME';ftypes[2]='text';fnames[4]='PHONE';ftypes[4]='phone';\/*\n * Translated default messages for the $ validation plugin.\n * Locale: ES\n *\/\n$.extend($.validator.messages, {\n  required: \"Este campo es obligatorio.\",\n  remote: \"Por favor, rellena este campo.\",\n  email: \"Por favor, escribe una direcci\u00f3n de correo v\u00e1lida\",\n  url: \"Por favor, escribe una URL v\u00e1lida.\",\n  date: \"Por favor, escribe una fecha v\u00e1lida.\",\n  dateISO: \"Por favor, escribe una fecha (ISO) v\u00e1lida.\",\n  number: \"Por favor, escribe un n\u00famero entero v\u00e1lido.\",\n  digits: \"Por favor, escribe s\u00f3lo d\u00edgitos.\",\n  creditcard: \"Por favor, escribe un n\u00famero de tarjeta v\u00e1lido.\",\n  equalTo: \"Por favor, escribe el mismo valor de nuevo.\",\n  accept: \"Por favor, escribe un valor con una extensi\u00f3n aceptada.\",\n  maxlength: $.validator.format(\"Por favor, no escribas m\u00e1s de {0} caracteres.\"),\n  minlength: $.validator.format(\"Por favor, no escribas menos de {0} caracteres.\"),\n  rangelength: $.validator.format(\"Por favor, escribe un valor entre {0} y {1} caracteres.\"),\n  range: $.validator.format(\"Por favor, escribe un valor entre {0} y {1}.\"),\n  max: $.validator.format(\"Por favor, escribe un valor menor o igual a {0}.\"),\n  min: $.validator.format(\"Por favor, escribe un valor mayor o igual a {0}.\")\n});}(jQuery));var $mcj = jQuery.noConflict(true);<\/script><\/div>\n    <\/div>\n<\/div>\n<!-- \/module plain text -->        <\/div>\n                        <\/div>\n        <\/div>\n        <\/div>\n<!--\/themify_builder_content-->","protected":false},"excerpt":{"rendered":"<p>Copa Cervezas de Am\u00e9rica XI versi\u00f3n 2024 10 al 15 de Septiembre 2024, Valdivia, Chile.<\/p>","protected":false},"author":1,"featured_media":0,"parent":0,"menu_order":0,"comment_status":"closed","ping_status":"closed","template":"","meta":{"footnotes":""},"class_list":["post-243","page","type-page","status-publish","hentry","has-post-title","has-post-date","has-post-category","has-post-tag","has-post-comment","has-post-author",""],"builder_content":"<h1>Copa Cervezas de Am\u00e9rica<\/h1> <h4>XI versi\u00f3n 2024<\/h4> <p>10 al 15 de Septiembre 2024, Valdivia, Chile.<\/p>\n<h4>Visi\u00f3n<\/h4> <p>Queremos que Copa sea un concurso que pueda destacar a los mejores y un punto de encuentro donde podamos encontrarnos todos en un espacio de convivencia e interacci\u00f3n, para que nos fortalezcamos y podamos acelerar y aumentar los beneficios colectivos e individuales que implica trabajar en red.<\/p> <h4>Nuestro razon de ser: \u00bfPor qu\u00e9 hacemos esto?<\/h4> <p>Porque mercado cervecero, sus relaciones y din\u00e1micas nos dan placer, nos entusiasman, nos invitan a crear, nos dan vida y nos encuentran con la felicidad.<\/p> <h4>\u00bfComo lo hacemos?<\/h4> <p>Organizando eventos que priorizan la experiencia del participante: Dise\u00f1amos cada detalle del evento pensando en crear momentos inolvidables desde el registro hasta la premiaci\u00f3n, buscando inspirar y deleitar a todos los asistentes.<\/p> <p>Fomentando la uni\u00f3n, la renovaci\u00f3n y el entusiasmo a trav\u00e9s de la innovaci\u00f3n y la creatividad: Buscamos constantemente nuevas formas de sorprender y emocionar a los participantes mediante la introducci\u00f3n de elementos tem\u00e1ticos innovadores, experiencias \u00fanicas y tecnolog\u00edas emergentes que mejoren la interacci\u00f3n.<\/p> <h4>\u00bfQue hacemos?<\/h4> <p>Concursos, exposiciones, conferencias y festivales para el mundo de la cerveza artesanal: Creamos eventos integrales que incluyen concursos, exposiciones, conferencias educativas y festivales de degustaci\u00f3n.<\/p> <p>Espacios de encuentro y conexi\u00f3n: Facilitamos encuentros entre jueces nacionales e internacionales, cerveceros y personas del mundo cervecero para promover sinergias, intercambiar conocimientos y fortalecer la comunidad cervecera latinoamericana.<\/p>\n<h2>\u00bfDudas, Comentarios?<\/h2> <p>Escr\u00edbenos un correo y conversemos.<\/p>\n<h3 style=\"text-align: center;\">copa@copacervezasdeamerica.com<\/h3>\n<ul><li><a href=\"https:\/\/www.instagram.com\/copacervezas\/\">Instagram<\/a><\/li><li><a href=\"https:\/\/www.facebook.com\/copacervezas.deamerica\/\">Facebook<\/a><\/li><li><a href=\"https:\/\/www.youtube.com\/channel\/UCZbu5HLy3px71vpf9-82cVQ\">YouTube<\/a><\/li><li><a href=\"mailto:copa@copacervezasdeamerica.com\">Email<\/a><\/li><li><a href=\"https:\/\/wa.me\/56976378659\">Whatsapp<\/a><\/li><\/ul>\n<h4>\u00bfDeseas estar conectado con CCA?<\/h4> <p>Inscr\u00edbete en nuestro listado de correos para recibir toda la informaci\u00f3n con los detalles de este y nuestros pr\u00f3ximos concursos.\u00a0<\/p> <p><strong>Si participas con tus cervezas, deber\u00edas estar en esta lista!<\/strong><\/p>\n<link href=\"\/\/cdn-images.mailchimp.com\/embedcode\/classic-061523.css\" rel=\"stylesheet\" type=\"text\/css\"> \n <form action=\"https:\/\/copacervezasdeamerica.us13.list-manage.com\/subscribe\/post?u=8e053d82eaaee1a61e0ec2dd0&amp;id=7d9d3828cf&amp;f_id=00b6a6e6f0\" method=\"post\" id=\"mc-embedded-subscribe-form\" name=\"mc-embedded-subscribe-form\" target=\"_blank\"> <h2>Suscribirse a los correos de CCA<\/h2> * indica que es obligatorio <label for=\"mce-EMAIL\">Email Address *<\/label><input type=\"email\" name=\"EMAIL\" id=\"mce-EMAIL\" required=\"\" value=\"\"><label for=\"mce-FNAME\">Nombre *<\/label><input type=\"text\" name=\"FNAME\" id=\"mce-FNAME\" required=\"\" value=\"\"><label for=\"mce-LNAME\">Apellido <\/label><input type=\"text\" name=\"LNAME\" id=\"mce-LNAME\" value=\"\"><label for=\"mce-PHONE\">Numero telef\u00f3nico <\/label><input type=\"text\" name=\"PHONE\" id=\"mce-PHONE\" value=\"\"><strong>Idioma <\/strong><ul><li><input type=\"radio\" name=\"group[17898]\" id=\"mce-group[17898]-17898-0\" value=\"144115188075855872\"><label for=\"mce-group[17898]-17898-0\">Espa\u00f1ol<\/label><\/li><li><input type=\"radio\" name=\"group[17898]\" id=\"mce-group[17898]-17898-1\" value=\"288230376151711744\"><label for=\"mce-group[17898]-17898-1\">Ingles<\/label><\/li><li><input type=\"radio\" name=\"group[17898]\" id=\"mce-group[17898]-17898-2\" value=\"576460752303423488\"><label for=\"mce-group[17898]-17898-2\">Portugues<\/label><\/li><\/ul><strong>\u00bfCu\u00e1ntas personas Trabajan en tu Cerveceria? <\/strong><ul><li><input type=\"radio\" name=\"group[699794]\" id=\"mce-group[699794]-699794-0\" value=\"512\"><label for=\"mce-group[699794]-699794-0\">1 o 2 personas<\/label><\/li><li><input type=\"radio\" name=\"group[699794]\" id=\"mce-group[699794]-699794-1\" value=\"1024\"><label for=\"mce-group[699794]-699794-1\">3 a 5 personas<\/label><\/li><li><input type=\"radio\" name=\"group[699794]\" id=\"mce-group[699794]-699794-2\" value=\"2048\"><label for=\"mce-group[699794]-699794-2\">6 a 10 personas<\/label><\/li><li><input type=\"radio\" name=\"group[699794]\" id=\"mce-group[699794]-699794-3\" value=\"4096\"><label for=\"mce-group[699794]-699794-3\">11 a 20 personas<\/label><\/li><li><input type=\"radio\" name=\"group[699794]\" id=\"mce-group[699794]-699794-4\" value=\"8192\"><label for=\"mce-group[699794]-699794-4\">Mas de 21 personas<\/label><\/li><li><input type=\"radio\" name=\"group[699794]\" id=\"mce-group[699794]-699794-5\" value=\"131072\"><label for=\"mce-group[699794]-699794-5\">No Aplica<\/label><\/li><\/ul><strong>\u00bfHas participado en alguna competici\u00f3n de cervezas <\/strong><ul><li><input type=\"radio\" name=\"group[699798]\" id=\"mce-group[699798]-699798-0\" value=\"16384\"><label for=\"mce-group[699798]-699798-0\">Si<\/label><\/li><li><input type=\"radio\" name=\"group[699798]\" id=\"mce-group[699798]-699798-1\" value=\"32768\"><label for=\"mce-group[699798]-699798-1\">No<\/label><\/li><li><input type=\"radio\" name=\"group[699798]\" id=\"mce-group[699798]-699798-2\" value=\"65536\"><label for=\"mce-group[699798]-699798-2\">No lo s\u00e9<\/label><\/li><\/ul> <input type=\"text\" name=\"b_8e053d82eaaee1a61e0ec2dd0_7d9d3828cf\" tabindex=\"-1\" value=\"\"><input type=\"submit\" name=\"subscribe\" id=\"mc-embedded-subscribe\" value=\"Subscribe\"> <\/form>","_links":{"self":[{"href":"https:\/\/copacervezasdeamerica.com\/en\/wp-json\/wp\/v2\/pages\/243","targetHints":{"allow":["GET"]}}],"collection":[{"href":"https:\/\/copacervezasdeamerica.com\/en\/wp-json\/wp\/v2\/pages"}],"about":[{"href":"https:\/\/copacervezasdeamerica.com\/en\/wp-json\/wp\/v2\/types\/page"}],"author":[{"embeddable":true,"href":"https:\/\/copacervezasdeamerica.com\/en\/wp-json\/wp\/v2\/users\/1"}],"replies":[{"embeddable":true,"href":"https:\/\/copacervezasdeamerica.com\/en\/wp-json\/wp\/v2\/comments?post=243"}],"version-history":[{"count":17,"href":"https:\/\/copacervezasdeamerica.com\/en\/wp-json\/wp\/v2\/pages\/243\/revisions"}],"predecessor-version":[{"id":673,"href":"https:\/\/copacervezasdeamerica.com\/en\/wp-json\/wp\/v2\/pages\/243\/revisions\/673"}],"wp:attachment":[{"href":"https:\/\/copacervezasdeamerica.com\/en\/wp-json\/wp\/v2\/media?parent=243"}],"curies":[{"name":"wp","href":"https:\/\/api.w.org\/{rel}","templated":true}]}}